{"id":3421,"date":"2024-10-03T12:08:34","date_gmt":"2024-10-03T12:08:34","guid":{"rendered":"https:\/\/woodval.taltech.ee\/?page_id=3421"},"modified":"2025-03-14T15:43:32","modified_gmt":"2025-03-14T15:43:32","slug":"fookustippkeskus","status":"publish","type":"page","link":"https:\/\/woodval.taltech.ee\/et\/fookustippkeskus\/","title":{"rendered":"Fookustippkeskus"},"content":{"rendered":"<h3>Meie lugu<br \/>\n<img loading=\"lazy\" decoding=\"async\" class=\"size-full wp-image-3412 alignright\" src=\"https:\/\/woodval.taltech.ee\/wp-content\/uploads\/2025\/02\/Picture1_crop.png\" alt=\"\" width=\"405\" height=\"425\" \/><\/h3>\n<p>Puidu v\u00e4\u00e4rindamise fookustippkeskus loodi 2024. aastal, et tuua kokku puidu v\u00e4\u00e4rindamise juhtivaid eksperte ja arendada t\u00f5husaimaid puidu v\u00e4\u00e4rindamise meetodeid. Interdistsiplinaarse platvormi loomine on meie eesm\u00e4rk h\u00f5lbustada koost\u00f6\u00f6d t\u00f6\u00f6stuse, teadusasutuste ja valitsusasutuste vahel. Olles \u00fchise keskusena, meie HUB on p\u00fchendunud rahvusvahelise koost\u00f6\u00f6 edendamisele ja juhtrollile arengu edusammude eestvedamises, mis suurendab puiduressursside v\u00e4\u00e4rtust ja j\u00e4tkusuutlikkust \u00fclemaailmses mastaabis.<\/p>\n<h3>Meie missioon<\/h3>\n<p>Meie eesm\u00e4rk on siduda teadusuuringud t\u00f6\u00f6stuslike rakendustega, arendades koost\u00f6\u00f6 kaudu j\u00e4tkusuutlikku puidukasutust. Meie eesm\u00e4rk on edendada innovatsiooni ja toetada \u00fcleminekut keskkonnas\u00f5bralikele tavadele, mis toovad kasu nii keskkonnale kui ka majandusele. Meie keskendume teadustegevuse rahastamise tagamisele, rahvusvaheliste partnerluste loomisele ja puidu v\u00e4\u00e4rindamise valdkonna j\u00e4rgmise p\u00f5lvkonna juhtide kasvatamisele.<\/p>\n<h3>Meie prioriteedid<\/h3>\n<ul>\n<li>Luua koost\u00f6\u00f6platvorm, mis v\u00f5imaldaks interdistsiplinaarset koost\u00f6\u00f6d erinevate puidu v\u00e4\u00e4rindamise kompetentside vahel.<\/li>\n<li>Tagada rahastamist teadus- ja arendustegevuse v\u00e4lisrahastamise osakaalu suurendamisega, et edendada innovatsiooni.<\/li>\n<li>Olla kommunikatsiooni, v\u00e4\u00e4rtuspakkumiste ja koost\u00f6\u00f6 koordineerijaks puidu v\u00e4\u00e4rindamise valdkonnas.<\/li>\n<li>Arendada tugevaid rahvusvahelisi partnerlussuhteid \u00fclikoolide, teadus- ja arendusasutuste ning ettev\u00f5tetega, et tagada j\u00e4tkusuutlike puidutehnoloogiate tuleviku.<\/li>\n<li>Toetada kodumaiseid ja \u00fclemaailmseid p\u00e4rijaid l\u00e4bi hariduse, koolituste ja arendustegevuste arendamist, kasvatades tulevikutalente.<\/li>\n<\/ul>\n","protected":false},"excerpt":{"rendered":"<p>Meie lugu Puidu v\u00e4\u00e4rindamise fookustippkeskus loodi 2024. aastal, et tuua kokku puidu v\u00e4\u00e4rindamise juhtivaid eksperte ja arendada t\u00f5husaimaid puidu v\u00e4\u00e4rindamise meetodeid. Interdistsiplinaarse platvormi loomine on meie eesm\u00e4rk h\u00f5lbustada koost\u00f6\u00f6d t\u00f6\u00f6stuse, teadusasutuste ja valitsusasutuste vahel. Olles \u00fchise keskusena, meie HUB on p\u00fchendunud rahvusvahelise koost\u00f6\u00f6 edendamisele ja juhtrollile arengu edusammude eestvedamises, mis suurendab puiduressursside v\u00e4\u00e4rtust ja j\u00e4tkusuutlikkust [&hellip;]<\/p>\n","protected":false},"author":1,"featured_media":3419,"parent":0,"menu_order":1,"comment_status":"closed","ping_status":"closed","template":"","meta":{"_acf_changed":false,"inline_featured_image":false,"footnotes":""},"class_list":["post-3421","page","type-page","status-publish","has-post-thumbnail","hentry"],"acf":[],"yoast_head":"<!-- This site is optimized with the Yoast SEO plugin v27.6 - https:\/\/yoast.com\/product\/yoast-seo-wordpress\/ -->\n<title>Fookustippkeskus | WoodValHUB<\/title>\n<meta name=\"description\" content=\"Meie missioon on edendada innovatsiooni ja j\u00e4tkusuutlikkust puidu v\u00e4\u00e4rindamise t\u00f6\u00f6stuses, \u00fchendades teadusuuringud reaalse maailmaga.\" \/>\n<meta name=\"robots\" content=\"index, follow, max-snippet:-1, max-image-preview:large, max-video-preview:-1\" \/>\n<link rel=\"canonical\" href=\"https:\/\/woodval.taltech.ee\/et\/fookustippkeskus\/\" \/>\n<meta property=\"og:locale\" content=\"et_EE\" \/>\n<meta property=\"og:type\" content=\"article\" \/>\n<meta property=\"og:title\" content=\"Fookustippkeskus | WoodValHUB\" \/>\n<meta property=\"og:description\" content=\"Meie missioon on edendada innovatsiooni ja j\u00e4tkusuutlikkust puidu v\u00e4\u00e4rindamise t\u00f6\u00f6stuses, \u00fchendades teadusuuringud reaalse maailmaga.\" \/>\n<meta property=\"og:url\" content=\"https:\/\/woodval.taltech.ee\/et\/fookustippkeskus\/\" \/>\n<meta property=\"og:site_name\" content=\"WoodValHUB\" \/>\n<meta property=\"article:modified_time\" content=\"2025-03-14T15:43:32+00:00\" \/>\n<meta property=\"og:image\" content=\"https:\/\/woodval.taltech.ee\/wp-content\/uploads\/2025\/02\/iStock-669573760_.jpg\" \/>\n\t<meta property=\"og:image:width\" content=\"2203\" \/>\n\t<meta property=\"og:image:height\" content=\"1360\" \/>\n\t<meta property=\"og:image:type\" content=\"image\/jpeg\" \/>\n<meta name=\"twitter:card\" content=\"summary_large_image\" \/>\n<meta name=\"twitter:label1\" content=\"Est. reading time\" \/>\n\t<meta name=\"twitter:data1\" content=\"2 minutit\" \/>\n<script type=\"application\/ld+json\" class=\"yoast-schema-graph\">{\"@context\":\"https:\\\/\\\/schema.org\",\"@graph\":[{\"@type\":\"WebPage\",\"@id\":\"https:\\\/\\\/woodval.taltech.ee\\\/et\\\/fookustippkeskus\\\/\",\"url\":\"https:\\\/\\\/woodval.taltech.ee\\\/et\\\/fookustippkeskus\\\/\",\"name\":\"Fookustippkeskus | WoodValHUB\",\"isPartOf\":{\"@id\":\"https:\\\/\\\/woodval.taltech.ee\\\/et\\\/#website\"},\"primaryImageOfPage\":{\"@id\":\"https:\\\/\\\/woodval.taltech.ee\\\/et\\\/fookustippkeskus\\\/#primaryimage\"},\"image\":{\"@id\":\"https:\\\/\\\/woodval.taltech.ee\\\/et\\\/fookustippkeskus\\\/#primaryimage\"},\"thumbnailUrl\":\"https:\\\/\\\/woodval.taltech.ee\\\/wp-content\\\/uploads\\\/2025\\\/02\\\/iStock-669573760_.jpg\",\"datePublished\":\"2024-10-03T12:08:34+00:00\",\"dateModified\":\"2025-03-14T15:43:32+00:00\",\"description\":\"Meie missioon on edendada innovatsiooni ja j\u00e4tkusuutlikkust puidu v\u00e4\u00e4rindamise t\u00f6\u00f6stuses, \u00fchendades teadusuuringud reaalse maailmaga.\",\"breadcrumb\":{\"@id\":\"https:\\\/\\\/woodval.taltech.ee\\\/et\\\/fookustippkeskus\\\/#breadcrumb\"},\"inLanguage\":\"et\",\"potentialAction\":[{\"@type\":\"ReadAction\",\"target\":[\"https:\\\/\\\/woodval.taltech.ee\\\/et\\\/fookustippkeskus\\\/\"]}]},{\"@type\":\"ImageObject\",\"inLanguage\":\"et\",\"@id\":\"https:\\\/\\\/woodval.taltech.ee\\\/et\\\/fookustippkeskus\\\/#primaryimage\",\"url\":\"https:\\\/\\\/woodval.taltech.ee\\\/wp-content\\\/uploads\\\/2025\\\/02\\\/iStock-669573760_.jpg\",\"contentUrl\":\"https:\\\/\\\/woodval.taltech.ee\\\/wp-content\\\/uploads\\\/2025\\\/02\\\/iStock-669573760_.jpg\",\"width\":2203,\"height\":1360,\"caption\":\"The HUB\"},{\"@type\":\"BreadcrumbList\",\"@id\":\"https:\\\/\\\/woodval.taltech.ee\\\/et\\\/fookustippkeskus\\\/#breadcrumb\",\"itemListElement\":[{\"@type\":\"ListItem\",\"position\":1,\"name\":\"Home\",\"item\":\"https:\\\/\\\/woodval.taltech.ee\\\/et\\\/\"},{\"@type\":\"ListItem\",\"position\":2,\"name\":\"Fookustippkeskus\"}]},{\"@type\":\"WebSite\",\"@id\":\"https:\\\/\\\/woodval.taltech.ee\\\/et\\\/#website\",\"url\":\"https:\\\/\\\/woodval.taltech.ee\\\/et\\\/\",\"name\":\"WoodValHUB\",\"description\":\"Teadus ja t\u00f6\u00f6stus puidu j\u00e4tkusuutlikuks v\u00e4\u00e4rindamiseks\",\"potentialAction\":[{\"@type\":\"SearchAction\",\"target\":{\"@type\":\"EntryPoint\",\"urlTemplate\":\"https:\\\/\\\/woodval.taltech.ee\\\/et\\\/?s={search_term_string}\"},\"query-input\":{\"@type\":\"PropertyValueSpecification\",\"valueRequired\":true,\"valueName\":\"search_term_string\"}}],\"inLanguage\":\"et\"}]}<\/script>\n<!-- \/ Yoast SEO plugin. -->","yoast_head_json":{"title":"Fookustippkeskus | WoodValHUB","description":"Meie missioon on edendada innovatsiooni ja j\u00e4tkusuutlikkust puidu v\u00e4\u00e4rindamise t\u00f6\u00f6stuses, \u00fchendades teadusuuringud reaalse maailmaga.","robots":{"index":"index","follow":"follow","max-snippet":"max-snippet:-1","max-image-preview":"max-image-preview:large","max-video-preview":"max-video-preview:-1"},"canonical":"https:\/\/woodval.taltech.ee\/et\/fookustippkeskus\/","og_locale":"et_EE","og_type":"article","og_title":"Fookustippkeskus | WoodValHUB","og_description":"Meie missioon on edendada innovatsiooni ja j\u00e4tkusuutlikkust puidu v\u00e4\u00e4rindamise t\u00f6\u00f6stuses, \u00fchendades teadusuuringud reaalse maailmaga.","og_url":"https:\/\/woodval.taltech.ee\/et\/fookustippkeskus\/","og_site_name":"WoodValHUB","article_modified_time":"2025-03-14T15:43:32+00:00","og_image":[{"width":2203,"height":1360,"url":"https:\/\/woodval.taltech.ee\/wp-content\/uploads\/2025\/02\/iStock-669573760_.jpg","type":"image\/jpeg"}],"twitter_card":"summary_large_image","twitter_misc":{"Est. reading time":"2 minutit"},"schema":{"@context":"https:\/\/schema.org","@graph":[{"@type":"WebPage","@id":"https:\/\/woodval.taltech.ee\/et\/fookustippkeskus\/","url":"https:\/\/woodval.taltech.ee\/et\/fookustippkeskus\/","name":"Fookustippkeskus | WoodValHUB","isPartOf":{"@id":"https:\/\/woodval.taltech.ee\/et\/#website"},"primaryImageOfPage":{"@id":"https:\/\/woodval.taltech.ee\/et\/fookustippkeskus\/#primaryimage"},"image":{"@id":"https:\/\/woodval.taltech.ee\/et\/fookustippkeskus\/#primaryimage"},"thumbnailUrl":"https:\/\/woodval.taltech.ee\/wp-content\/uploads\/2025\/02\/iStock-669573760_.jpg","datePublished":"2024-10-03T12:08:34+00:00","dateModified":"2025-03-14T15:43:32+00:00","description":"Meie missioon on edendada innovatsiooni ja j\u00e4tkusuutlikkust puidu v\u00e4\u00e4rindamise t\u00f6\u00f6stuses, \u00fchendades teadusuuringud reaalse maailmaga.","breadcrumb":{"@id":"https:\/\/woodval.taltech.ee\/et\/fookustippkeskus\/#breadcrumb"},"inLanguage":"et","potentialAction":[{"@type":"ReadAction","target":["https:\/\/woodval.taltech.ee\/et\/fookustippkeskus\/"]}]},{"@type":"ImageObject","inLanguage":"et","@id":"https:\/\/woodval.taltech.ee\/et\/fookustippkeskus\/#primaryimage","url":"https:\/\/woodval.taltech.ee\/wp-content\/uploads\/2025\/02\/iStock-669573760_.jpg","contentUrl":"https:\/\/woodval.taltech.ee\/wp-content\/uploads\/2025\/02\/iStock-669573760_.jpg","width":2203,"height":1360,"caption":"The HUB"},{"@type":"BreadcrumbList","@id":"https:\/\/woodval.taltech.ee\/et\/fookustippkeskus\/#breadcrumb","itemListElement":[{"@type":"ListItem","position":1,"name":"Home","item":"https:\/\/woodval.taltech.ee\/et\/"},{"@type":"ListItem","position":2,"name":"Fookustippkeskus"}]},{"@type":"WebSite","@id":"https:\/\/woodval.taltech.ee\/et\/#website","url":"https:\/\/woodval.taltech.ee\/et\/","name":"WoodValHUB","description":"Teadus ja t\u00f6\u00f6stus puidu j\u00e4tkusuutlikuks v\u00e4\u00e4rindamiseks","potentialAction":[{"@type":"SearchAction","target":{"@type":"EntryPoint","urlTemplate":"https:\/\/woodval.taltech.ee\/et\/?s={search_term_string}"},"query-input":{"@type":"PropertyValueSpecification","valueRequired":true,"valueName":"search_term_string"}}],"inLanguage":"et"}]}},"_links":{"self":[{"href":"https:\/\/woodval.taltech.ee\/et\/wp-json\/wp\/v2\/pages\/3421","targetHints":{"allow":["GET"]}}],"collection":[{"href":"https:\/\/woodval.taltech.ee\/et\/wp-json\/wp\/v2\/pages"}],"about":[{"href":"https:\/\/woodval.taltech.ee\/et\/wp-json\/wp\/v2\/types\/page"}],"author":[{"embeddable":true,"href":"https:\/\/woodval.taltech.ee\/et\/wp-json\/wp\/v2\/users\/1"}],"replies":[{"embeddable":true,"href":"https:\/\/woodval.taltech.ee\/et\/wp-json\/wp\/v2\/comments?post=3421"}],"version-history":[{"count":9,"href":"https:\/\/woodval.taltech.ee\/et\/wp-json\/wp\/v2\/pages\/3421\/revisions"}],"predecessor-version":[{"id":3647,"href":"https:\/\/woodval.taltech.ee\/et\/wp-json\/wp\/v2\/pages\/3421\/revisions\/3647"}],"wp:featuredmedia":[{"embeddable":true,"href":"https:\/\/woodval.taltech.ee\/et\/wp-json\/wp\/v2\/media\/3419"}],"wp:attachment":[{"href":"https:\/\/woodval.taltech.ee\/et\/wp-json\/wp\/v2\/media?parent=3421"}],"curies":[{"name":"wp","href":"https:\/\/api.w.org\/{rel}","templated":true}]}}