{"id":3427,"date":"2024-11-11T18:06:29","date_gmt":"2024-11-11T18:06:29","guid":{"rendered":"https:\/\/woodval.taltech.ee\/?page_id=3427"},"modified":"2025-03-06T08:32:21","modified_gmt":"2025-03-06T08:32:21","slug":"kompetentsid","status":"publish","type":"page","link":"https:\/\/woodval.taltech.ee\/et\/kompetentsid\/","title":{"rendered":"Kompetentsid"},"content":{"rendered":"<p class=\"ewa-rteLine\">Tere tulemast Puidu v\u00e4\u00e4rindamise fookustippkeskusesse, kus me koondame mehaaniliste, keemiliste, biokeemiliste ja anal\u00fc\u00fctiliste erialade teadmised, et leida v\u00e4\u00e4rtuslikuid ja j\u00e4tkusuutlikuid puiduv\u00e4\u00e4rindamise lahendusi. Meie missiooniks on uuendada kogu puidu v\u00e4\u00e4rtuse ahelat, suurendades konstruktsiooni j\u00f5udlust, edendades biop\u00f5histe materjalide v\u00e4ljat\u00f6\u00f6tamist ja optimeerides biokeemilisi protsesse j\u00e4tkusuutlikkuse tagamiseks. Keskendume puittoodete ja konstruktsioonide tulep\u00fcsivuse ja vastupidavuse parandamisele, muutes samal ajal lignotselluloosse biomassi j\u00e4rgmise p\u00f5lvkonna materjalideks. Meie uurimist\u00f6\u00f6 eesm\u00e4rk on vastata kaasaegsete t\u00f6\u00f6stusharude n\u00f5udmistele, minimeerides samal ajal keskkonnam\u00f5ju.<\/p>\n<p class=\"ewa-rteLine\">Progresseerivate anal\u00fc\u00fctiliste tehnikate, mikroobide biotehnoloogia ja innovatiivse keemia integreerimise kaudu laiendame puidu v\u00e4\u00e4rindamisel uusi horisonte. Oleme p\u00fchendunud tugevale koost\u00f6\u00f6le, et teha koost\u00f6\u00f6d t\u00f6\u00f6stus- ja teaduspartneritega, et arendada tipptasemel ringbiomajandust toetavaid tehnoloogiaid. Tutvuge meie kompetentsidega l\u00e4hemalt ja liituge meiega j\u00e4tkusuutlike puidulahenduste otsingus rohelisema ja sitkema tuleviku nimel.<\/p>\n","protected":false},"excerpt":{"rendered":"<p>Tere tulemast Puidu v\u00e4\u00e4rindamise fookustippkeskusesse, kus me koondame mehaaniliste, keemiliste, biokeemiliste ja anal\u00fc\u00fctiliste erialade teadmised, et leida v\u00e4\u00e4rtuslikuid ja j\u00e4tkusuutlikuid puiduv\u00e4\u00e4rindamise lahendusi. Meie missiooniks on uuendada kogu puidu v\u00e4\u00e4rtuse ahelat, suurendades konstruktsiooni j\u00f5udlust, edendades biop\u00f5histe materjalide v\u00e4ljat\u00f6\u00f6tamist ja optimeerides biokeemilisi protsesse j\u00e4tkusuutlikkuse tagamiseks. Keskendume puittoodete ja konstruktsioonide tulep\u00fcsivuse ja vastupidavuse parandamisele, muutes samal ajal lignotselluloosse [&hellip;]<\/p>\n","protected":false},"author":1,"featured_media":0,"parent":0,"menu_order":2,"comment_status":"closed","ping_status":"closed","template":"competencies.php","meta":{"_acf_changed":false,"inline_featured_image":false,"footnotes":""},"class_list":["post-3427","page","type-page","status-publish","hentry"],"acf":[],"yoast_head":"<!-- This site is optimized with the Yoast SEO plugin v27.5 - https:\/\/yoast.com\/product\/yoast-seo-wordpress\/ -->\n<title>Kompetentsid | WoodValHUB<\/title>\n<meta name=\"description\" content=\"Our mission is to drive innovation and sustainability in the wood valorisation industry by connecting scientific research with real-world.\" \/>\n<meta name=\"robots\" content=\"index, follow, max-snippet:-1, max-image-preview:large, max-video-preview:-1\" \/>\n<link rel=\"canonical\" href=\"https:\/\/woodval.taltech.ee\/et\/kompetentsid\/\" \/>\n<meta property=\"og:locale\" content=\"et_EE\" \/>\n<meta property=\"og:type\" content=\"article\" \/>\n<meta property=\"og:title\" content=\"Kompetentsid | WoodValHUB\" \/>\n<meta property=\"og:description\" content=\"Our mission is to drive innovation and sustainability in the wood valorisation industry by connecting scientific research with real-world.\" \/>\n<meta property=\"og:url\" content=\"https:\/\/woodval.taltech.ee\/et\/kompetentsid\/\" \/>\n<meta property=\"og:site_name\" content=\"WoodValHUB\" \/>\n<meta property=\"article:modified_time\" content=\"2025-03-06T08:32:21+00:00\" \/>\n<meta name=\"twitter:card\" content=\"summary_large_image\" \/>\n<meta name=\"twitter:label1\" content=\"Est. reading time\" \/>\n\t<meta name=\"twitter:data1\" content=\"1 minut\" \/>\n<script type=\"application\/ld+json\" class=\"yoast-schema-graph\">{\"@context\":\"https:\\\/\\\/schema.org\",\"@graph\":[{\"@type\":\"WebPage\",\"@id\":\"https:\\\/\\\/woodval.taltech.ee\\\/et\\\/kompetentsid\\\/\",\"url\":\"https:\\\/\\\/woodval.taltech.ee\\\/et\\\/kompetentsid\\\/\",\"name\":\"Kompetentsid | WoodValHUB\",\"isPartOf\":{\"@id\":\"https:\\\/\\\/woodval.taltech.ee\\\/et\\\/#website\"},\"datePublished\":\"2024-11-11T18:06:29+00:00\",\"dateModified\":\"2025-03-06T08:32:21+00:00\",\"description\":\"Our mission is to drive innovation and sustainability in the wood valorisation industry by connecting scientific research with real-world.\",\"breadcrumb\":{\"@id\":\"https:\\\/\\\/woodval.taltech.ee\\\/et\\\/kompetentsid\\\/#breadcrumb\"},\"inLanguage\":\"et\",\"potentialAction\":[{\"@type\":\"ReadAction\",\"target\":[\"https:\\\/\\\/woodval.taltech.ee\\\/et\\\/kompetentsid\\\/\"]}]},{\"@type\":\"BreadcrumbList\",\"@id\":\"https:\\\/\\\/woodval.taltech.ee\\\/et\\\/kompetentsid\\\/#breadcrumb\",\"itemListElement\":[{\"@type\":\"ListItem\",\"position\":1,\"name\":\"Home\",\"item\":\"https:\\\/\\\/woodval.taltech.ee\\\/et\\\/\"},{\"@type\":\"ListItem\",\"position\":2,\"name\":\"Kompetentsid\"}]},{\"@type\":\"WebSite\",\"@id\":\"https:\\\/\\\/woodval.taltech.ee\\\/et\\\/#website\",\"url\":\"https:\\\/\\\/woodval.taltech.ee\\\/et\\\/\",\"name\":\"WoodValHUB\",\"description\":\"Teadus ja t\u00f6\u00f6stus puidu j\u00e4tkusuutlikuks v\u00e4\u00e4rindamiseks\",\"potentialAction\":[{\"@type\":\"SearchAction\",\"target\":{\"@type\":\"EntryPoint\",\"urlTemplate\":\"https:\\\/\\\/woodval.taltech.ee\\\/et\\\/?s={search_term_string}\"},\"query-input\":{\"@type\":\"PropertyValueSpecification\",\"valueRequired\":true,\"valueName\":\"search_term_string\"}}],\"inLanguage\":\"et\"}]}<\/script>\n<!-- \/ Yoast SEO plugin. -->","yoast_head_json":{"title":"Kompetentsid | WoodValHUB","description":"Our mission is to drive innovation and sustainability in the wood valorisation industry by connecting scientific research with real-world.","robots":{"index":"index","follow":"follow","max-snippet":"max-snippet:-1","max-image-preview":"max-image-preview:large","max-video-preview":"max-video-preview:-1"},"canonical":"https:\/\/woodval.taltech.ee\/et\/kompetentsid\/","og_locale":"et_EE","og_type":"article","og_title":"Kompetentsid | WoodValHUB","og_description":"Our mission is to drive innovation and sustainability in the wood valorisation industry by connecting scientific research with real-world.","og_url":"https:\/\/woodval.taltech.ee\/et\/kompetentsid\/","og_site_name":"WoodValHUB","article_modified_time":"2025-03-06T08:32:21+00:00","twitter_card":"summary_large_image","twitter_misc":{"Est. reading time":"1 minut"},"schema":{"@context":"https:\/\/schema.org","@graph":[{"@type":"WebPage","@id":"https:\/\/woodval.taltech.ee\/et\/kompetentsid\/","url":"https:\/\/woodval.taltech.ee\/et\/kompetentsid\/","name":"Kompetentsid | WoodValHUB","isPartOf":{"@id":"https:\/\/woodval.taltech.ee\/et\/#website"},"datePublished":"2024-11-11T18:06:29+00:00","dateModified":"2025-03-06T08:32:21+00:00","description":"Our mission is to drive innovation and sustainability in the wood valorisation industry by connecting scientific research with real-world.","breadcrumb":{"@id":"https:\/\/woodval.taltech.ee\/et\/kompetentsid\/#breadcrumb"},"inLanguage":"et","potentialAction":[{"@type":"ReadAction","target":["https:\/\/woodval.taltech.ee\/et\/kompetentsid\/"]}]},{"@type":"BreadcrumbList","@id":"https:\/\/woodval.taltech.ee\/et\/kompetentsid\/#breadcrumb","itemListElement":[{"@type":"ListItem","position":1,"name":"Home","item":"https:\/\/woodval.taltech.ee\/et\/"},{"@type":"ListItem","position":2,"name":"Kompetentsid"}]},{"@type":"WebSite","@id":"https:\/\/woodval.taltech.ee\/et\/#website","url":"https:\/\/woodval.taltech.ee\/et\/","name":"WoodValHUB","description":"Teadus ja t\u00f6\u00f6stus puidu j\u00e4tkusuutlikuks v\u00e4\u00e4rindamiseks","potentialAction":[{"@type":"SearchAction","target":{"@type":"EntryPoint","urlTemplate":"https:\/\/woodval.taltech.ee\/et\/?s={search_term_string}"},"query-input":{"@type":"PropertyValueSpecification","valueRequired":true,"valueName":"search_term_string"}}],"inLanguage":"et"}]}},"_links":{"self":[{"href":"https:\/\/woodval.taltech.ee\/et\/wp-json\/wp\/v2\/pages\/3427","targetHints":{"allow":["GET"]}}],"collection":[{"href":"https:\/\/woodval.taltech.ee\/et\/wp-json\/wp\/v2\/pages"}],"about":[{"href":"https:\/\/woodval.taltech.ee\/et\/wp-json\/wp\/v2\/types\/page"}],"author":[{"embeddable":true,"href":"https:\/\/woodval.taltech.ee\/et\/wp-json\/wp\/v2\/users\/1"}],"replies":[{"embeddable":true,"href":"https:\/\/woodval.taltech.ee\/et\/wp-json\/wp\/v2\/comments?post=3427"}],"version-history":[{"count":3,"href":"https:\/\/woodval.taltech.ee\/et\/wp-json\/wp\/v2\/pages\/3427\/revisions"}],"predecessor-version":[{"id":3542,"href":"https:\/\/woodval.taltech.ee\/et\/wp-json\/wp\/v2\/pages\/3427\/revisions\/3542"}],"wp:attachment":[{"href":"https:\/\/woodval.taltech.ee\/et\/wp-json\/wp\/v2\/media?parent=3427"}],"curies":[{"name":"wp","href":"https:\/\/api.w.org\/{rel}","templated":true}]}}