{"id":3432,"date":"2024-11-11T18:07:00","date_gmt":"2024-11-11T18:07:00","guid":{"rendered":"https:\/\/woodval.taltech.ee\/?page_id=3432"},"modified":"2025-03-14T15:52:23","modified_gmt":"2025-03-14T15:52:23","slug":"taristu","status":"publish","type":"page","link":"https:\/\/woodval.taltech.ee\/et\/taristu\/","title":{"rendered":"Taristu"},"content":{"rendered":"<p>Puidu V\u00e4\u00e4rindamise FTK on tipptasemel uurimis- ja arenduskeskus, mis on p\u00fchendunud s\u00e4\u00e4stvate materjalide, bioressursside v\u00e4\u00e4rtustamise ja konstrueeritud puittoodete edendamisele. Meie laborid on varustatud uusimate f\u00fc\u00fcsikaliste, keemiliste ja biolagunevuse testimise t\u00f6\u00f6riistadega, mis v\u00f5imaldavad materjale t\u00e4pselt anal\u00fc\u00fcsida ja optimeerida erinevates skaalades. Meie p\u00f5hiv\u00f5imaluste hulka kuuluvad mikro- ja nanokiudmaterjalide, ligniinip\u00f5histe uuenduste, j\u00e4tkusuutlike plastilahenduste ja tulekindlate puidust disainilahenduste arendamine. Samuti oleme spetsialiseerunud mikroobit\u00fcvede optimeerimisele ja ens\u00fc\u00fcmide konstrueerimisele biomassi v\u00e4\u00e4rtustamiseks, mis toetab mitmesuguseid t\u00f6\u00f6stuslikke rakendusi.<\/p>\n<p>P\u00f6\u00f6rates suurt r\u00f5hku j\u00e4tkusuutlikkusele, integreerivad meie rajatised materjali t\u00f6\u00f6tlemise, pinnakeemia ja liimide arendamise k\u00f5rgtehnoloogilisi lahendusi. Tehes tihedat koost\u00f6\u00f6d t\u00f6\u00f6stuspartneritega, pakume kohandatud uurimis- ja arendustuge, edendame innovatsiooni rohelises keemias ja p\u00fc\u00fcame luua j\u00e4tkusuutliku tuleviku jaoks suure j\u00f5udlusega materjale.<\/p>\n","protected":false},"excerpt":{"rendered":"<p>Puidu V\u00e4\u00e4rindamise FTK on tipptasemel uurimis- ja arenduskeskus, mis on p\u00fchendunud s\u00e4\u00e4stvate materjalide, bioressursside v\u00e4\u00e4rtustamise ja konstrueeritud puittoodete edendamisele. Meie laborid on varustatud uusimate f\u00fc\u00fcsikaliste, keemiliste ja biolagunevuse testimise t\u00f6\u00f6riistadega, mis v\u00f5imaldavad materjale t\u00e4pselt anal\u00fc\u00fcsida ja optimeerida erinevates skaalades. Meie p\u00f5hiv\u00f5imaluste hulka kuuluvad mikro- ja nanokiudmaterjalide, ligniinip\u00f5histe uuenduste, j\u00e4tkusuutlike plastilahenduste ja tulekindlate puidust disainilahenduste arendamine. [&hellip;]<\/p>\n","protected":false},"author":1,"featured_media":0,"parent":0,"menu_order":3,"comment_status":"closed","ping_status":"closed","template":"facilities.php","meta":{"_acf_changed":false,"inline_featured_image":false,"footnotes":""},"class_list":["post-3432","page","type-page","status-publish","hentry"],"acf":[],"yoast_head":"<!-- This site is optimized with the Yoast SEO plugin v27.5 - https:\/\/yoast.com\/product\/yoast-seo-wordpress\/ -->\n<title>Taristu | WoodValHUB<\/title>\n<meta name=\"description\" content=\"Meie missioon on edendada innovatsiooni ja j\u00e4tkusuutlikkust puidu v\u00e4\u00e4rindamise t\u00f6\u00f6stuses, \u00fchendades teadusuuringud reaalse maailmaga.\" \/>\n<meta name=\"robots\" content=\"index, follow, max-snippet:-1, max-image-preview:large, max-video-preview:-1\" \/>\n<link rel=\"canonical\" href=\"https:\/\/woodval.taltech.ee\/et\/taristu\/\" \/>\n<meta property=\"og:locale\" content=\"et_EE\" \/>\n<meta property=\"og:type\" content=\"article\" \/>\n<meta property=\"og:title\" content=\"Taristu | WoodValHUB\" \/>\n<meta property=\"og:description\" content=\"Meie missioon on edendada innovatsiooni ja j\u00e4tkusuutlikkust puidu v\u00e4\u00e4rindamise t\u00f6\u00f6stuses, \u00fchendades teadusuuringud reaalse maailmaga.\" \/>\n<meta property=\"og:url\" content=\"https:\/\/woodval.taltech.ee\/et\/taristu\/\" \/>\n<meta property=\"og:site_name\" content=\"WoodValHUB\" \/>\n<meta property=\"article:modified_time\" content=\"2025-03-14T15:52:23+00:00\" \/>\n<meta name=\"twitter:card\" content=\"summary_large_image\" \/>\n<meta name=\"twitter:label1\" content=\"Est. reading time\" \/>\n\t<meta name=\"twitter:data1\" content=\"1 minut\" \/>\n<script type=\"application\/ld+json\" class=\"yoast-schema-graph\">{\"@context\":\"https:\\\/\\\/schema.org\",\"@graph\":[{\"@type\":\"WebPage\",\"@id\":\"https:\\\/\\\/woodval.taltech.ee\\\/et\\\/taristu\\\/\",\"url\":\"https:\\\/\\\/woodval.taltech.ee\\\/et\\\/taristu\\\/\",\"name\":\"Taristu | WoodValHUB\",\"isPartOf\":{\"@id\":\"https:\\\/\\\/woodval.taltech.ee\\\/et\\\/#website\"},\"datePublished\":\"2024-11-11T18:07:00+00:00\",\"dateModified\":\"2025-03-14T15:52:23+00:00\",\"description\":\"Meie missioon on edendada innovatsiooni ja j\u00e4tkusuutlikkust puidu v\u00e4\u00e4rindamise t\u00f6\u00f6stuses, \u00fchendades teadusuuringud reaalse maailmaga.\",\"breadcrumb\":{\"@id\":\"https:\\\/\\\/woodval.taltech.ee\\\/et\\\/taristu\\\/#breadcrumb\"},\"inLanguage\":\"et\",\"potentialAction\":[{\"@type\":\"ReadAction\",\"target\":[\"https:\\\/\\\/woodval.taltech.ee\\\/et\\\/taristu\\\/\"]}]},{\"@type\":\"BreadcrumbList\",\"@id\":\"https:\\\/\\\/woodval.taltech.ee\\\/et\\\/taristu\\\/#breadcrumb\",\"itemListElement\":[{\"@type\":\"ListItem\",\"position\":1,\"name\":\"Home\",\"item\":\"https:\\\/\\\/woodval.taltech.ee\\\/et\\\/\"},{\"@type\":\"ListItem\",\"position\":2,\"name\":\"Taristu\"}]},{\"@type\":\"WebSite\",\"@id\":\"https:\\\/\\\/woodval.taltech.ee\\\/et\\\/#website\",\"url\":\"https:\\\/\\\/woodval.taltech.ee\\\/et\\\/\",\"name\":\"WoodValHUB\",\"description\":\"Teadus ja t\u00f6\u00f6stus puidu j\u00e4tkusuutlikuks v\u00e4\u00e4rindamiseks\",\"potentialAction\":[{\"@type\":\"SearchAction\",\"target\":{\"@type\":\"EntryPoint\",\"urlTemplate\":\"https:\\\/\\\/woodval.taltech.ee\\\/et\\\/?s={search_term_string}\"},\"query-input\":{\"@type\":\"PropertyValueSpecification\",\"valueRequired\":true,\"valueName\":\"search_term_string\"}}],\"inLanguage\":\"et\"}]}<\/script>\n<!-- \/ Yoast SEO plugin. -->","yoast_head_json":{"title":"Taristu | WoodValHUB","description":"Meie missioon on edendada innovatsiooni ja j\u00e4tkusuutlikkust puidu v\u00e4\u00e4rindamise t\u00f6\u00f6stuses, \u00fchendades teadusuuringud reaalse maailmaga.","robots":{"index":"index","follow":"follow","max-snippet":"max-snippet:-1","max-image-preview":"max-image-preview:large","max-video-preview":"max-video-preview:-1"},"canonical":"https:\/\/woodval.taltech.ee\/et\/taristu\/","og_locale":"et_EE","og_type":"article","og_title":"Taristu | WoodValHUB","og_description":"Meie missioon on edendada innovatsiooni ja j\u00e4tkusuutlikkust puidu v\u00e4\u00e4rindamise t\u00f6\u00f6stuses, \u00fchendades teadusuuringud reaalse maailmaga.","og_url":"https:\/\/woodval.taltech.ee\/et\/taristu\/","og_site_name":"WoodValHUB","article_modified_time":"2025-03-14T15:52:23+00:00","twitter_card":"summary_large_image","twitter_misc":{"Est. reading time":"1 minut"},"schema":{"@context":"https:\/\/schema.org","@graph":[{"@type":"WebPage","@id":"https:\/\/woodval.taltech.ee\/et\/taristu\/","url":"https:\/\/woodval.taltech.ee\/et\/taristu\/","name":"Taristu | WoodValHUB","isPartOf":{"@id":"https:\/\/woodval.taltech.ee\/et\/#website"},"datePublished":"2024-11-11T18:07:00+00:00","dateModified":"2025-03-14T15:52:23+00:00","description":"Meie missioon on edendada innovatsiooni ja j\u00e4tkusuutlikkust puidu v\u00e4\u00e4rindamise t\u00f6\u00f6stuses, \u00fchendades teadusuuringud reaalse maailmaga.","breadcrumb":{"@id":"https:\/\/woodval.taltech.ee\/et\/taristu\/#breadcrumb"},"inLanguage":"et","potentialAction":[{"@type":"ReadAction","target":["https:\/\/woodval.taltech.ee\/et\/taristu\/"]}]},{"@type":"BreadcrumbList","@id":"https:\/\/woodval.taltech.ee\/et\/taristu\/#breadcrumb","itemListElement":[{"@type":"ListItem","position":1,"name":"Home","item":"https:\/\/woodval.taltech.ee\/et\/"},{"@type":"ListItem","position":2,"name":"Taristu"}]},{"@type":"WebSite","@id":"https:\/\/woodval.taltech.ee\/et\/#website","url":"https:\/\/woodval.taltech.ee\/et\/","name":"WoodValHUB","description":"Teadus ja t\u00f6\u00f6stus puidu j\u00e4tkusuutlikuks v\u00e4\u00e4rindamiseks","potentialAction":[{"@type":"SearchAction","target":{"@type":"EntryPoint","urlTemplate":"https:\/\/woodval.taltech.ee\/et\/?s={search_term_string}"},"query-input":{"@type":"PropertyValueSpecification","valueRequired":true,"valueName":"search_term_string"}}],"inLanguage":"et"}]}},"_links":{"self":[{"href":"https:\/\/woodval.taltech.ee\/et\/wp-json\/wp\/v2\/pages\/3432","targetHints":{"allow":["GET"]}}],"collection":[{"href":"https:\/\/woodval.taltech.ee\/et\/wp-json\/wp\/v2\/pages"}],"about":[{"href":"https:\/\/woodval.taltech.ee\/et\/wp-json\/wp\/v2\/types\/page"}],"author":[{"embeddable":true,"href":"https:\/\/woodval.taltech.ee\/et\/wp-json\/wp\/v2\/users\/1"}],"replies":[{"embeddable":true,"href":"https:\/\/woodval.taltech.ee\/et\/wp-json\/wp\/v2\/comments?post=3432"}],"version-history":[{"count":4,"href":"https:\/\/woodval.taltech.ee\/et\/wp-json\/wp\/v2\/pages\/3432\/revisions"}],"predecessor-version":[{"id":3607,"href":"https:\/\/woodval.taltech.ee\/et\/wp-json\/wp\/v2\/pages\/3432\/revisions\/3607"}],"wp:attachment":[{"href":"https:\/\/woodval.taltech.ee\/et\/wp-json\/wp\/v2\/media?parent=3432"}],"curies":[{"name":"wp","href":"https:\/\/api.w.org\/{rel}","templated":true}]}}