{"id":3973,"date":"2026-03-10T08:18:02","date_gmt":"2026-03-10T08:18:02","guid":{"rendered":"https:\/\/woodval.taltech.ee\/?page_id=3973"},"modified":"2026-03-10T09:35:24","modified_gmt":"2026-03-10T09:35:24","slug":"puutar","status":"publish","type":"page","link":"https:\/\/woodval.taltech.ee\/et\/puutar\/","title":{"rendered":"PUUTAR"},"content":{"rendered":"<h1>Projekti kirjeldus<\/h1>\n<p>Puit on Eesti k\u00f5ige olulisem biotoore, mille oskuslik v\u00e4\u00e4rindamine loob k\u00f5rge lisandv\u00e4\u00e4rtusega, s\u00fcsinikku siduvaid lahendusi paljudel elualadel. N\u00fc\u00fcd on Eesti \u00fclikoolidel antud valdkonnas \u00fchtne tegevuskava ja vastav taristu, mis suudaks koordineerida teadus-ja arendust\u00f6\u00f6d (T&amp;A) ning pakuks ettev\u00f5tetele kaskaadkasutuse printsiibil p\u00f5hinevaid uusi tooteid kogu v\u00e4\u00e4rtusahela ulatuses. Loodud teadustaristu liidab <strong>3 \u00fclikooli, 8 instituudi 14 \u00fcksust<\/strong>. Taristuga loodav s\u00fcnergia v\u00f5imaldab viia l\u00e4bi interdistsiplinaarset puidu v\u00e4\u00e4rindamise alast tipptasemel T&amp;A tegevust. Jagatud taristu loob uued v\u00f5imalused teadlaste j\u00e4relkasvu koolitamiseks ning tugeva baasi rahvusvaheliseks koost\u00f6\u00f6ks. Teadustaristu T&amp;A katab nii primaarse kui ka sekundaarse puidu mehaanilise, keemilise, biokeemilise ja termokeemilise (MKBT) v\u00e4\u00e4rindamise luues eeldused ja tugistruktuuri Eesti puiduteaduse ja -t\u00f6\u00f6stuse arenguks uuele tasemele.<\/p>\n<p><strong>PU<\/strong>idu v\u00e4\u00e4rindamise ja anal\u00fc\u00fcsi <strong>TAR<\/strong>istu (PUUTAR) projekt on finantseeritud SA Eesti Teadusagentuuri poolt ja toetab Eesti teadustaristu teekaardi (TARISTU24-TK)<\/p>\n<h1>Taristu<\/h1>\n<table width=\"1130\">\n<tbody>\n<tr>\n<td width=\"185\"><strong>Seade<\/strong><\/td>\n<td width=\"223\"><strong>Teenuse kirjeldus<\/strong><\/td>\n<td width=\"459\"><strong>Teenusega seotud standardid ja muud normdokumendid\u00a0<\/strong><\/td>\n<td width=\"263\"><strong>Teenuse tellimise kontakt<\/strong><\/td>\n<\/tr>\n<tr>\n<td width=\"185\"><strong>Koonuskalorimeeter<\/strong><\/td>\n<td width=\"223\">Materjalide katsetamine k\u00f5rgetel temperatuuridel sh k\u00e4itumise uurimine tulekahjuolukorras.<\/td>\n<td width=\"459\">Katsemetoodika vastavalt ISO 5660. Spetsiifilised puitkonstruktsioonide katsed vastavalt EN 1995-1-2 Lisa B. Viimane on TalTechis arendatav katsemeetod.<\/td>\n<td width=\"263\">Alar Just (Tallinna Tehnika\u00fclikool, ehituse ja arhitektuuriinstituut, +3725031171)<\/p>\n<p><span style=\"font-family: inherit; font-size: inherit;\">\u00a0<\/span><a style=\"font-family: inherit; font-size: inherit;\" href=\"mailto:alar.just@taltech.ee\">alar.just@taltech.ee<\/a><\/td>\n<\/tr>\n<tr>\n<td width=\"185\"><strong>Seadmekompleks: puitmaterjalide liim\u00fchenduste kiireks automaatseks m\u00e4\u00e4ramiseks<\/strong><\/td>\n<td width=\"223\">Puidule ja puitmaterjalidele erinevat t\u00fc\u00fcpi liim\u00fchenduste tugevuse arengu m\u00e4\u00e4ramine ajas, mis on moodustatud v\u00e4ga t\u00e4pselt kontrollitud termilistes, mehaanilise pinge ja keemilistes tingimustes. Puitmaterjalide tiheduse m\u00e4\u00e4ramine ja selle s\u00f5ltuvus liim\u00fchenduste tugevuse tekkimisest. Erinevate liim\u00fchenduste pressimine. Ettev\u00f5tetele ja teistele uurimisasutustele pakume erinevate \u00f5hukese katsekehaga ja erinevate liimidega nihketeste ja tootmisproovide kuumutatud protsessi simuleeritud aja-temperatuuri j\u00e4rjestusi. Seadmekompleksiga hakatakse t\u00f6\u00f6le ja tegevusi tegema 2026 aasta teises pooles<\/td>\n<td width=\"459\">Teenuse katsemetoodika vastavalt standardile ASTM D7998-19<\/td>\n<td width=\"263\">Heikko Kallakas (Tallinna Tehnika\u00fclikool, materjali- ja keskkonnatehnoloogia instituudi puidutehnoloogia labor, +372 620 2910)<\/p>\n<p><a href=\"mailto:heikko.kallakas@taltech.ee\">heikko.kallakas@taltech.ee<\/a><\/td>\n<\/tr>\n<tr>\n<td width=\"185\"><strong>Puidu keemilise v\u00e4\u00e4rindamise protsesside on-line spektromeetrilise monitooringu kompleks<\/strong><\/td>\n<td width=\"223\">Rajatav NIR ja Raman spektromeetrial baseeruv kompleks moodustab funktsionaalse terviku, mis v\u00f5imaldab reaalajas koguda andmeid puidukeemia valdkonnas l\u00e4biviidavate keemiliste (sealhulgas ka termokeemiliste ja biokeemiliste) eksperimentide kohta vesi, vesi-orgaanika, orgaanika keskkondades ja gaasikeskkonnas. Kogutavate andmete alusel t\u00f6\u00f6takse v\u00e4lja senistest anal\u00fc\u00fcsi- ja andmet\u00f6\u00f6tluse meetoditest kiiremad ja \u00f6konoomsemad anal\u00fc\u00fcsi meetodid.<\/td>\n<td width=\"459\">Kokkuleppel teenuse soovijaga on v\u00f5imalik rakendadada erinevaid keemilise- ja instrumentaalanal\u00fc\u00fcsi ning kvaliteedi juhtimise standardeid.<\/td>\n<td width=\"263\">Ivari Kaljurand (Tartu \u00dclikool, keemia instituut, anal\u00fc\u00fctilise keemia \u00f5ppetool, +372 56 62 60 88)<\/p>\n<p><a href=\"mailto:ivari.kaljurand@ut.ee\"> ivari.kaljurand@ut.ee<\/a><\/p>\n<p>Koit Herodes (Tartu \u00dclikool, katsekoda, +372 52 76 523)<\/p>\n<p><a href=\"mailto:koit.herodes@ut.ee\">koit.herodes@ut.ee<\/a><\/td>\n<\/tr>\n<tr>\n<td width=\"185\"><strong>EDS m\u00f5\u00f5teseade elementanal\u00fc\u00fcsiks madala vaakumi keskkonnas ja elektrit mittejuhtivate materjalide uurimiseks\u00a0<\/strong><\/td>\n<td width=\"223\">Puidu, puitmaterjali, puitmaterjalil baseeruvate materjalide (pol\u00fcmeerid, fiibrid jne.) baseeruvate elektrit halvasti juhtivate materjalide elektronmikroskoopia ja elementanal\u00fc\u00fcs. Teenust pakutakse ettev\u00f5tetele ja teistele uurimisasutustele, kellel on soovi ja vajadust m\u00f5\u00f5ta puidul baseeruvate elektrit halvasti juhtivate materjalide elementkoostist (nt. puidukaitsevahedite imbuvusst puitu, komposiitmaterjalide koostist, anorgaaniliste materjalide jaotust komposiitses materjalis ja kattepindades, pinnakatete nakkuvust, mitmekihiliste pinnakatete paksuste hindamine, pinnakatete nakke hindamine). Selliste materjalide uurimiseks v\u00f5imalik kasutada madala vaakumi m\u00f5\u00f5tmisre\u017eiimi, mis v\u00f5imaldab v\u00e4hendada pinna laadumiseffekte ja m\u00f5\u00f5ta objekte ilma juhtivust parandavate kateteta.<\/td>\n<td width=\"459\"><\/td>\n<td width=\"263\">Siim Pikker (Tartu \u00dclikooli f\u00fc\u00fcsika instituudi, nanostruktuuride f\u00fc\u00fcsika labor, +372 50 59 521)<\/p>\n<p><a href=\"mailto:siim.pikker@ut.ee\"> siim.pikker@ut.ee<\/a><\/td>\n<\/tr>\n<tr>\n<td width=\"185\"><strong>Termokeemilise v\u00e4\u00e4rindamise platvorm<\/strong><\/td>\n<td width=\"223\">Puidu ja puiduj\u00e4\u00e4tmete termilise t\u00f6\u00f6tlemise ja v\u00e4\u00e4rindamise uuringud.<\/td>\n<td width=\"459\"><\/td>\n<td width=\"263\">Timo Kikas (Metsanduse ja inseneeria instituut, biomajandustehnoloogiate \u00f5ppetool, +372 53 02 36 36)<\/p>\n<p><a href=\"mailto:timo.kikas@emu.ee\"> timo.kikas@emu.ee<\/a><\/td>\n<\/tr>\n<tr>\n<td width=\"185\"><strong>Puidup\u00f5histe biomaterjalide d\u00fcnaamilis-mehaanilise anal\u00fc\u00fcsi seade<\/strong><\/td>\n<td width=\"223\">Puidu ja puidup\u00f5histe bioplastide d\u00fcnaamilis-mahaaniline anal\u00fc\u00fcs: Konstantne pinge\/deformatsioon; pinge\/deformatsiooni rakendamine konstantse kiirusega; d\u00fcnaamilise pinge\/deformatsiooni rakendamine konstantse sagedusega; d\u00fcnaamilise pinge\/deformatsiooni rakendamine konstantse amplituudi juures; roomekatse; pinge relaksatsioon katse; v\u00e4simuskatse; aja-temperatuuri skaneeringud, klaasisiirdetemperatuuri m\u00e4\u00e4ramine.<\/td>\n<td width=\"459\">Standardid: ISO 6721-1, 4, 5, 11, 12; ISO 899-1, ISO 13003. Mahuliste katsekehade katsetamine t\u00f5mbere\u017eiimis: maksimaalne j\u00f5ud 1 kN, katsekeha ISO 527-ga \u00fchilduv; kilede katsetus t\u00f5mbere\u017eiimis: maksimaalne j\u00f5ud 0,5 kN, katsekeha ISO 527-ga \u00fchilduv; katsetamine 3-punkti paindere\u017eiimis: maksimaalne j\u00f5ud 1 kN, katsekeha ISO 178-ga \u00fchilduv; katsetamine survere\u017eiimis: maksimaalne j\u00f5ud 1 kN, katsekeha ISO 604-ga \u00fchilduv.<\/td>\n<td width=\"263\">Andres Krumme (Tallinna Tehnika\u00fclikool, materjali- ja keskkonnatehnoloogia instituut, biopol\u00fcmeeride tehnoloogia labor,\u00a0 +372 52 75 143)<\/p>\n<p><a href=\"mailto:andres.krumme@taltech.ee\"> andres.krumme@taltech.ee<\/a><\/td>\n<\/tr>\n<tr>\n<td width=\"185\"><strong>K\u00f5rge l\u00e4bilaskvusega ens\u00fc\u00fcmide ning t\u00fcvede\u00a0 skriinimine puidusuhkrute v\u00e4\u00e4rindamiseks ning biopol\u00fcmeeride (ligniin) lagundamiseks\u00a0<\/strong><\/td>\n<td width=\"223\">Ens\u00fc\u00fcmide disain ning karakteriseerimine (puidu pol\u00fcmeeride h\u00fcdrol\u00fc\u00fcsil v\u00f5i puidusuhkrute biotehnoloogilisel valoriseerimisel)<\/td>\n<td width=\"459\"><\/td>\n<td width=\"263\">Petri-Jaan Lahtvee (Tallinna Tehnika\u00fclikool, <span style=\"font-family: inherit; font-size: inherit;\">keemia ja biotehnoloogia instituut, <\/span><span style=\"font-family: inherit; font-size: inherit;\">toidu- ja biotehnoloogia osakond)<\/span><\/p>\n<p><a href=\"mailto:lahtvee@taltech.ee\"> lahtvee@taltech.ee<\/a><\/td>\n<\/tr>\n<tr>\n<td width=\"185\"><strong>ICP-OES Spektromeeter<\/strong><\/td>\n<td width=\"223\">Mikro- ja makroelementide m\u00e4\u00e4ramine puidu biomassis ja biopol\u00fcmeerides<\/td>\n<td width=\"459\"><\/td>\n<td width=\"263\">Maria Kulp (Tallinna Tehnika\u00fclikool, <span style=\"font-family: inherit; font-size: inherit;\">keemia ja biotehnoloogia instituut, <\/span><span style=\"font-family: inherit; font-size: inherit;\">keemia osakond, +372 620 4349)<\/span><\/p>\n<p><a href=\"mailto:maria.kulp@taltech.ee\"> maria.kulp@taltech.ee<\/a><\/td>\n<\/tr>\n<tr>\n<td width=\"185\"><strong>Puidup\u00f5histe materjalide termiliste omaduste m\u00e4\u00e4ramise kompleks<\/strong><\/td>\n<td width=\"223\">Termogravimeetriline anal\u00fcsaator (TGA) v\u00f5imaldab m\u00e4\u00e4rata materjalide ja kemikaalide massikadu (lagunemist) kuumutamisel.<\/td>\n<td width=\"459\"><\/td>\n<td width=\"263\">Lauri Vares (Tartu \u00dclikool, tehnoloogiainstituut, +372 737 4808)<\/p>\n<p><a href=\"mailto:lauri.vares@ut.ee\"> lauri.vares@ut.ee<\/a><\/p>\n<p>Siim Salmar (Tartu \u00dclikool, keemia instituut, puidukeemia ja ligniini labor, +372 737 5238)<\/p>\n<p><a href=\"mailto:siim.salmar@ut.ee\"> siim.salmar@ut.ee<\/a><\/td>\n<\/tr>\n<tr>\n<td width=\"185\"><strong>Skaleeritud superkriitilise fluidumi (SCF) pidevekstraktsiooniliin puidumassi t\u00f6\u00f6tlemiseks<\/strong><\/td>\n<td width=\"223\">Unikaalne pilootskaalas pidevs\u00fcsteem SCF ekstraktsiooniks annab v\u00f5imaluse puidu biomasssti eelt\u00f6\u00f6tlust ja ekstrusiooni k\u00e4igus vajalike \u00fchendeid eraldada. Kui SCF eksraktsiooni kasutatakse traditsiooniliselt materjalide portsionite kaupa, siis selline liin v\u00f5imaldab ekstraktsiooni l\u00e4bi viia pidevre\u017eiimil, see omakorda muudab SCF ekstraktsiooni t\u00f6\u00f6stuslikult j\u00e4tkusuutlikuks. Sellist seadet pole \u00fcheski Eesti l\u00e4hi\u00fcmbruse \u00fclikooli ega ettv\u00f5ttes. S\u00fcsteem on rakendatav ka teiste biomasside t\u00f6\u00f6tlemiseks. Liin v\u00f5imaldab saada parameetrid v\u00f5imalikeks t\u00f6\u00f6stuslikeks skaleerimisteks. Lisaks on sellel liinil v\u00f5imalik biop\u00f5hise plast-, metall- ja mineraalvahtmaterjalide arendamine SCF lahustites sulat\u00f6\u00f6tlusel jpm.<\/td>\n<td width=\"459\"><\/td>\n<td width=\"263\">Siim Salmar (Tartu \u00dclikool, keemia instituut, puidukeemia ja ligniini labor, +372 737 5238)<\/p>\n<p><a href=\"mailto:siim.salmar@ut.ee\"> siim.salmar@ut.ee<\/a><\/td>\n<\/tr>\n<tr>\n<td width=\"185\"><strong>T\u00e4isfunktsionaalne puidu ja puitoodete t\u00e4ppismanipulatsiooni komplekt<\/strong><\/td>\n<td width=\"223\"><\/td>\n<td width=\"459\"><\/td>\n<td width=\"263\"><\/td>\n<\/tr>\n<tr>\n<td width=\"185\"><strong>Puidup\u00f5histe materjalide f\u00fc\u00fcsikalis-keemiliste,\u00a0 struktuursete ja mehhaaniliste omaduste m\u00e4\u00e4ramise kompleks<\/strong><\/td>\n<td width=\"223\">V\u00f5imaldab pakkuda ettev\u00f5tetele, kes tegelevad puiduliimide, puidukaitsevahendite jms puidukatete sh vaikude ja vahade tootmise v\u00f5i tarnimisega. V\u00f5imalikud rakendused oleks kontrollida probleemide korral toodete kvaliteeti l\u00e4bi m\u00f5\u00f5detavate suuruste nagu viskoossus, tangentsiaalpinged v\u00f5i muud reoloogilised parameetrid.<\/td>\n<td width=\"459\">Toodetele v\u00f5i proovidele, millel peavad olema kindlad v\u00e4ljastatud reoloogilised parameetrid, on v\u00f5imalik kokkuleppel teostada vastava standardi j\u00e4rgi anal\u00fc\u00fcse.<\/td>\n<td width=\"263\">Siim Salmar (Tartu \u00dclikool, keemia instituut, puidukeemia ja ligniini labor, +372 737 5238)<\/p>\n<p><a href=\"mailto:siim.salmar@ut.ee\"> siim.salmar@ut.ee<\/a><\/td>\n<\/tr>\n<\/tbody>\n<\/table>\n<h3>\u00dcldkontakt<\/h3>\n<p>Prof. Andres Krumme<\/p>\n<p>+372 52 75 143<\/p>\n<p><a href=\"mailto:andres.krumme@taltech.ee\">andres.krumme@taltech.ee<\/a><\/p>\n","protected":false},"excerpt":{"rendered":"<p>Projekti kirjeldus Puit on Eesti k\u00f5ige olulisem biotoore, mille oskuslik v\u00e4\u00e4rindamine loob k\u00f5rge lisandv\u00e4\u00e4rtusega, s\u00fcsinikku siduvaid lahendusi paljudel elualadel. N\u00fc\u00fcd on Eesti \u00fclikoolidel antud valdkonnas \u00fchtne tegevuskava ja vastav taristu, mis suudaks koordineerida teadus-ja arendust\u00f6\u00f6d (T&amp;A) ning pakuks ettev\u00f5tetele kaskaadkasutuse printsiibil p\u00f5hinevaid uusi tooteid kogu v\u00e4\u00e4rtusahela ulatuses. Loodud teadustaristu liidab 3 \u00fclikooli, 8 instituudi 14 [&hellip;]<\/p>\n","protected":false},"author":3,"featured_media":0,"parent":0,"menu_order":0,"comment_status":"closed","ping_status":"closed","template":"","meta":{"_acf_changed":false,"inline_featured_image":false,"footnotes":""},"class_list":["post-3973","page","type-page","status-publish","hentry"],"acf":[],"yoast_head":"<!-- This site is optimized with the Yoast SEO plugin v27.5 - https:\/\/yoast.com\/product\/yoast-seo-wordpress\/ -->\n<title>PUUTAR | WoodValHUB<\/title>\n<meta name=\"description\" content=\"Our mission is to drive innovation and sustainability in the wood valorisation industry by connecting scientific research with real-world.\" \/>\n<meta name=\"robots\" content=\"index, follow, max-snippet:-1, max-image-preview:large, max-video-preview:-1\" \/>\n<link rel=\"canonical\" href=\"https:\/\/woodval.taltech.ee\/et\/puutar\/\" \/>\n<meta property=\"og:locale\" content=\"et_EE\" \/>\n<meta property=\"og:type\" content=\"article\" \/>\n<meta property=\"og:title\" content=\"PUUTAR | WoodValHUB\" \/>\n<meta property=\"og:description\" content=\"Our mission is to drive innovation and sustainability in the wood valorisation industry by connecting scientific research with real-world.\" \/>\n<meta property=\"og:url\" content=\"https:\/\/woodval.taltech.ee\/et\/puutar\/\" \/>\n<meta property=\"og:site_name\" content=\"WoodValHUB\" \/>\n<meta property=\"article:modified_time\" content=\"2026-03-10T09:35:24+00:00\" \/>\n<meta name=\"twitter:card\" content=\"summary_large_image\" \/>\n<meta name=\"twitter:label1\" content=\"Est. reading time\" \/>\n\t<meta name=\"twitter:data1\" content=\"4 minutit\" \/>\n<script type=\"application\/ld+json\" class=\"yoast-schema-graph\">{\"@context\":\"https:\\\/\\\/schema.org\",\"@graph\":[{\"@type\":\"WebPage\",\"@id\":\"https:\\\/\\\/woodval.taltech.ee\\\/et\\\/puutar\\\/\",\"url\":\"https:\\\/\\\/woodval.taltech.ee\\\/et\\\/puutar\\\/\",\"name\":\"PUUTAR | WoodValHUB\",\"isPartOf\":{\"@id\":\"https:\\\/\\\/woodval.taltech.ee\\\/et\\\/#website\"},\"datePublished\":\"2026-03-10T08:18:02+00:00\",\"dateModified\":\"2026-03-10T09:35:24+00:00\",\"description\":\"Our mission is to drive innovation and sustainability in the wood valorisation industry by connecting scientific research with real-world.\",\"breadcrumb\":{\"@id\":\"https:\\\/\\\/woodval.taltech.ee\\\/et\\\/puutar\\\/#breadcrumb\"},\"inLanguage\":\"et\",\"potentialAction\":[{\"@type\":\"ReadAction\",\"target\":[\"https:\\\/\\\/woodval.taltech.ee\\\/et\\\/puutar\\\/\"]}]},{\"@type\":\"BreadcrumbList\",\"@id\":\"https:\\\/\\\/woodval.taltech.ee\\\/et\\\/puutar\\\/#breadcrumb\",\"itemListElement\":[{\"@type\":\"ListItem\",\"position\":1,\"name\":\"Home\",\"item\":\"https:\\\/\\\/woodval.taltech.ee\\\/et\\\/\"},{\"@type\":\"ListItem\",\"position\":2,\"name\":\"PUUTAR\"}]},{\"@type\":\"WebSite\",\"@id\":\"https:\\\/\\\/woodval.taltech.ee\\\/et\\\/#website\",\"url\":\"https:\\\/\\\/woodval.taltech.ee\\\/et\\\/\",\"name\":\"WoodValHUB\",\"description\":\"Teadus ja t\u00f6\u00f6stus puidu j\u00e4tkusuutlikuks v\u00e4\u00e4rindamiseks\",\"potentialAction\":[{\"@type\":\"SearchAction\",\"target\":{\"@type\":\"EntryPoint\",\"urlTemplate\":\"https:\\\/\\\/woodval.taltech.ee\\\/et\\\/?s={search_term_string}\"},\"query-input\":{\"@type\":\"PropertyValueSpecification\",\"valueRequired\":true,\"valueName\":\"search_term_string\"}}],\"inLanguage\":\"et\"}]}<\/script>\n<!-- \/ Yoast SEO plugin. -->","yoast_head_json":{"title":"PUUTAR | WoodValHUB","description":"Our mission is to drive innovation and sustainability in the wood valorisation industry by connecting scientific research with real-world.","robots":{"index":"index","follow":"follow","max-snippet":"max-snippet:-1","max-image-preview":"max-image-preview:large","max-video-preview":"max-video-preview:-1"},"canonical":"https:\/\/woodval.taltech.ee\/et\/puutar\/","og_locale":"et_EE","og_type":"article","og_title":"PUUTAR | WoodValHUB","og_description":"Our mission is to drive innovation and sustainability in the wood valorisation industry by connecting scientific research with real-world.","og_url":"https:\/\/woodval.taltech.ee\/et\/puutar\/","og_site_name":"WoodValHUB","article_modified_time":"2026-03-10T09:35:24+00:00","twitter_card":"summary_large_image","twitter_misc":{"Est. reading time":"4 minutit"},"schema":{"@context":"https:\/\/schema.org","@graph":[{"@type":"WebPage","@id":"https:\/\/woodval.taltech.ee\/et\/puutar\/","url":"https:\/\/woodval.taltech.ee\/et\/puutar\/","name":"PUUTAR | WoodValHUB","isPartOf":{"@id":"https:\/\/woodval.taltech.ee\/et\/#website"},"datePublished":"2026-03-10T08:18:02+00:00","dateModified":"2026-03-10T09:35:24+00:00","description":"Our mission is to drive innovation and sustainability in the wood valorisation industry by connecting scientific research with real-world.","breadcrumb":{"@id":"https:\/\/woodval.taltech.ee\/et\/puutar\/#breadcrumb"},"inLanguage":"et","potentialAction":[{"@type":"ReadAction","target":["https:\/\/woodval.taltech.ee\/et\/puutar\/"]}]},{"@type":"BreadcrumbList","@id":"https:\/\/woodval.taltech.ee\/et\/puutar\/#breadcrumb","itemListElement":[{"@type":"ListItem","position":1,"name":"Home","item":"https:\/\/woodval.taltech.ee\/et\/"},{"@type":"ListItem","position":2,"name":"PUUTAR"}]},{"@type":"WebSite","@id":"https:\/\/woodval.taltech.ee\/et\/#website","url":"https:\/\/woodval.taltech.ee\/et\/","name":"WoodValHUB","description":"Teadus ja t\u00f6\u00f6stus puidu j\u00e4tkusuutlikuks v\u00e4\u00e4rindamiseks","potentialAction":[{"@type":"SearchAction","target":{"@type":"EntryPoint","urlTemplate":"https:\/\/woodval.taltech.ee\/et\/?s={search_term_string}"},"query-input":{"@type":"PropertyValueSpecification","valueRequired":true,"valueName":"search_term_string"}}],"inLanguage":"et"}]}},"_links":{"self":[{"href":"https:\/\/woodval.taltech.ee\/et\/wp-json\/wp\/v2\/pages\/3973","targetHints":{"allow":["GET"]}}],"collection":[{"href":"https:\/\/woodval.taltech.ee\/et\/wp-json\/wp\/v2\/pages"}],"about":[{"href":"https:\/\/woodval.taltech.ee\/et\/wp-json\/wp\/v2\/types\/page"}],"author":[{"embeddable":true,"href":"https:\/\/woodval.taltech.ee\/et\/wp-json\/wp\/v2\/users\/3"}],"replies":[{"embeddable":true,"href":"https:\/\/woodval.taltech.ee\/et\/wp-json\/wp\/v2\/comments?post=3973"}],"version-history":[{"count":18,"href":"https:\/\/woodval.taltech.ee\/et\/wp-json\/wp\/v2\/pages\/3973\/revisions"}],"predecessor-version":[{"id":3991,"href":"https:\/\/woodval.taltech.ee\/et\/wp-json\/wp\/v2\/pages\/3973\/revisions\/3991"}],"wp:attachment":[{"href":"https:\/\/woodval.taltech.ee\/et\/wp-json\/wp\/v2\/media?parent=3973"}],"curies":[{"name":"wp","href":"https:\/\/api.w.org\/{rel}","templated":true}]}}